{"id":406,"date":"2017-05-23T22:25:43","date_gmt":"2017-05-23T22:25:43","guid":{"rendered":"https:\/\/stmatthewsanmateo.org\/?page_id=406\/"},"modified":"2017-05-31T18:41:24","modified_gmt":"2017-05-31T18:41:24","slug":"ministerios-2","status":"publish","type":"page","link":"https:\/\/stmatthewsanmateo.org\/es\/ministerios-2\/","title":{"rendered":"Ministerios"},"content":{"rendered":"<p><strong>COFRAD\u00cdA<\/strong><\/p>\n<p>Los miembros de la Cofrad\u00eda del Altar hacen su trabajo detr\u00e1s de escena, prepar\u00e1ndose para la Eucarist\u00eda y nuestras Misas. Cuidan cari\u00f1osamente de los vasos sagrados y de los pa\u00f1os. Ellos preparan el presbiterio para la adoraci\u00f3n, y se encargan de la limpieza. Arreglan los bancos para que los himnarios y los libros de oraci\u00f3n est\u00e9n donde est\u00e1n. En resumen, se aseguran de que tengamos todo lo que necesitamos para nuestra adoraci\u00f3n. Y, si alguna vez te has preguntado qui\u00e9n hace los cambios de color que forman parte de nuestra tradici\u00f3n lit\u00fargica, no te preguntes m\u00e1s.<\/p>\n<p><strong>UJIERES <\/strong><\/p>\n<p>Puede que no sea posible sobrevalorar el importante papel de los ujieres y los que dan la bienvenida. Usted ha o\u00eddo el adagio \u00abLas primeras impresiones cuentan\u00bb, y eso es tan cierto para una parroquia como lo es en cualquier otro lugar. Un saludo c\u00e1lido, ayuda, disposici\u00f3n de servir, colectar las ofrendas, y ayudar a facilitar que los feligreses pasen al altar a comulgar est\u00e1n entre sus responsabilidades.<\/p>\n<p><strong>MONAGUILLOS \/ AC\u00d3LITOS<\/strong><\/p>\n<p>Son los que lideran la procesi\u00f3n al principio de la Misa y en la proclamaci\u00f3n del Evangelio, ayudan y asisten al sacerdote durante la Celebraci\u00f3n Eucar\u00edstica para que se desarrolle sin problemas, los monaguillos o ac\u00f3litos son esenciales para nuestra liturgia.<\/p>\n<p><strong>LECTORES<\/strong><\/p>\n<p>Uno de los aspectos m\u00e1s maravillosos de nuestra liturgia episcopal es que las lecturas de las Antiguo Testamento y del Nuevo Testamento son ofrecidas por un\/a laico\/a. Tambi\u00e9n, las Oraciones del Pueblo son ofrecidas por un\/a laico\/a.<\/p>\n<p><strong>MINISTROS\/AS DE LA EUCARIST\u00cdA LAICOS (MEL)<\/strong><\/p>\n<p>La celebraci\u00f3n de la Eucarist\u00eda, aunque presidida por un sacerdote, no es exclusivamente del sacerdote. Los laicos y las laicas participan en la administraci\u00f3n de la Santa Comuni\u00f3n como portadores del c\u00e1liz. Este es un papel \u00aboficial\u00bb en la Iglesia Episcopal, requiriendo licencia del obispo.<\/p>\n<p><strong>M\u00daSICA<\/strong><\/p>\n<p>La m\u00fasica es un elemento esencial de la liturgia episcopal. Por favor considere unirse a este ministerio. Si usted no es un cantante pero tiene otro talento musical, por favor considere ofrecer sus dones para facilitar este importante ministerio.<\/p>\n<p><strong>CONTADORES<\/strong><\/p>\n<p>\u00c9ste es el equipo responsable de contar y documentar las ofertas semanales y preparar la documentaci\u00f3n del dep\u00f3sito bancario.<\/p>\n<p><strong>L\u00cdNEA DE ORACI\u00d3N<\/strong><\/p>\n<p>La oraci\u00f3n es una parte cr\u00edtica de nuestra vida juntos. La L\u00ednea de Oraci\u00f3n es un grupo de feligreses que reciben peticiones espec\u00edficas de oraci\u00f3n e incluyen esas peticiones en sus oraciones diarias.<\/p>\n<p><strong>PROPIEDAD Y TERRENOS<\/strong><\/p>\n<p>El cuidado de nuestro edificio y de los terrenos es crucial para nuestra capacidad de comprometer la obra que Dios nos est\u00e1 llamando a hacer. Aunque tenemos un intendente para hacer la limpieza de rutina, algunas veces hay necesidad de un equipo para trabajar juntos en proyectos no rutinarios y para la planificaci\u00f3n a largo plazo del mantenimiento de nuestras facilidades.<\/p>\n<p><strong>GENEROSIDAD Y MAYORDOM\u00cdA<\/strong><\/p>\n<p>Tendemos a pensar en nuestra generosidad y mayordom\u00eda como la forma en que recaudamos el dinero que necesitamos para nuestro presupuesto parroquial. Aunque recaudar el dinero es parte de la generosidad y mayordom\u00eda, el verdadero significado de la generosidad y mayordom\u00eda es c\u00f3mo usamos nuestros dones, a menudo considerados como <strong>Tiempo<\/strong>, <strong>Talento<\/strong> y <strong>Tesoro (dinero)<\/strong>, para mostrar nuestro agradecimiento a Dios por todo lo que Dios nos ha dado.<\/p>\n<p>&nbsp;<\/p>\n<p><strong>EPISCOPAL CHURCH WOMEN (ECW)<\/strong><\/p>\n<p>Todas las mujeres de San Mateo \/ San Mateo son bienvenidas a participar en nuestro grupo de Mujeres de la Iglesia Episcopal. Nos capacitamos mutuamente mientras servimos a Cristo en nuestras actividades. Tenemos tres recaudadores de fondos cada a\u00f1o para apoyar los ministerios de nuestra iglesia: dos rebuscar las ventas y un bazar de vacaciones. Animamos y damos la bienvenida a todas las mujeres de la congregaci\u00f3n para que se unan a nosotros en nuestras reuniones mensuales, que se celebran el segundo s\u00e1bado de cada mes.<\/p>\n<p><strong>EDRED\u00d3NES <\/strong><\/p>\n<p>Las mujeres se re\u00fanen los mi\u00e9rcoles por la ma\u00f1ana para coser y tener compa\u00f1erismo. El grupo est\u00e1 abierto a todas las mujeres de la parroquia. Muchos edredones se dan a los centros de refugio, la Misi\u00f3n de Rescate de Tacoma y el Hospital Infantil Mary Bridge cada a\u00f1o. Tambi\u00e9n los vendemos en nuestro bazar anual. El dinero recaudado se utiliza para comprar m\u00e1s suministros para el acolchado de los edredones. Venga a unirse a nosotras &#8211; todas son bienvenidas.<\/p>\n<p><strong>COMIT\u00c9 DEL OBISPO<\/strong><\/p>\n<p>El Comit\u00e9 del Obispo es el cuerpo gobernante laico de la parroquia, con oficiales (guardi\u00e1n mayor, guardi\u00e1n menor, tesorero y secretario) y los\/as miembros elegidos en la reuni\u00f3n anual celebrada cada enero. Con el clero, el Comit\u00e9 del Obispo trabaja para asegurar que los diversos ministerios de la parroquia apoyen nuestra misi\u00f3n y visi\u00f3n.<\/p>\n","protected":false},"excerpt":{"rendered":"<p>COFRAD\u00cdA Los miembros de la Cofrad\u00eda del Altar hacen su trabajo detr\u00e1s de escena, prepar\u00e1ndose para la Eucarist\u00eda y nuestras Misas. Cuidan cari\u00f1osamente de los vasos sagrados y de los pa\u00f1os. Ellos preparan el presbiterio para la adoraci\u00f3n, y se encargan de la limpieza. Arreglan los bancos para que los himnarios y los libros de &#8230; <span class=\"more\"><a class=\"more-link\" href=\"https:\/\/stmatthewsanmateo.org\/es\/ministerios-2\/\">[Read more&#8230;]<\/a><\/span><\/p>\n","protected":false},"author":2,"featured_media":0,"parent":0,"menu_order":0,"comment_status":"closed","ping_status":"closed","template":"","meta":{"footnotes":""},"class_list":["entry","page","publish","author-enisi","post-406"],"_links":{"self":[{"href":"https:\/\/stmatthewsanmateo.org\/es\/wp-json\/wp\/v2\/pages\/406","targetHints":{"allow":["GET"]}}],"collection":[{"href":"https:\/\/stmatthewsanmateo.org\/es\/wp-json\/wp\/v2\/pages"}],"about":[{"href":"https:\/\/stmatthewsanmateo.org\/es\/wp-json\/wp\/v2\/types\/page"}],"author":[{"embeddable":true,"href":"https:\/\/stmatthewsanmateo.org\/es\/wp-json\/wp\/v2\/users\/2"}],"replies":[{"embeddable":true,"href":"https:\/\/stmatthewsanmateo.org\/es\/wp-json\/wp\/v2\/comments?post=406"}],"version-history":[{"count":3,"href":"https:\/\/stmatthewsanmateo.org\/es\/wp-json\/wp\/v2\/pages\/406\/revisions"}],"predecessor-version":[{"id":431,"href":"https:\/\/stmatthewsanmateo.org\/es\/wp-json\/wp\/v2\/pages\/406\/revisions\/431"}],"wp:attachment":[{"href":"https:\/\/stmatthewsanmateo.org\/es\/wp-json\/wp\/v2\/media?parent=406"}],"curies":[{"name":"wp","href":"https:\/\/api.w.org\/{rel}","templated":true}]}}