{"id":438,"date":"2017-05-31T19:13:02","date_gmt":"2017-05-31T19:13:02","guid":{"rendered":"https:\/\/stmatthewsanmateo.org\/?page_id=438\/"},"modified":"2017-11-13T03:04:32","modified_gmt":"2017-11-13T03:04:32","slug":"contactar","status":"publish","type":"page","link":"https:\/\/stmatthewsanmateo.org\/es\/contactar\/","title":{"rendered":"Contactar"},"content":{"rendered":"<div>\n<p><a href=\"https:\/\/stmatthewsanmateo.org\/wp-content\/uploads\/2017\/04\/cropped-church-with-sign-1.jpg\"><img loading=\"lazy\" decoding=\"async\" class=\"size-medium wp-image-53 alignright\" src=\"https:\/\/stmatthewsanmateo.org\/wp-content\/uploads\/2017\/04\/cropped-church-with-sign-1-300x300.jpg\" alt=\"\" width=\"250\" height=\"250\" srcset=\"https:\/\/stmatthewsanmateo.org\/wp-content\/uploads\/2017\/04\/cropped-church-with-sign-1-300x300.jpg 300w, https:\/\/stmatthewsanmateo.org\/wp-content\/uploads\/2017\/04\/cropped-church-with-sign-1-150x150.jpg 150w, https:\/\/stmatthewsanmateo.org\/wp-content\/uploads\/2017\/04\/cropped-church-with-sign-1-480x480.jpg 480w, https:\/\/stmatthewsanmateo.org\/wp-content\/uploads\/2017\/04\/cropped-church-with-sign-1-320x320.jpg 320w, https:\/\/stmatthewsanmateo.org\/wp-content\/uploads\/2017\/04\/cropped-church-with-sign-1-240x240.jpg 240w, https:\/\/stmatthewsanmateo.org\/wp-content\/uploads\/2017\/04\/cropped-church-with-sign-1-270x270.jpg 270w, https:\/\/stmatthewsanmateo.org\/wp-content\/uploads\/2017\/04\/cropped-church-with-sign-1-192x192.jpg 192w, https:\/\/stmatthewsanmateo.org\/wp-content\/uploads\/2017\/04\/cropped-church-with-sign-1-180x180.jpg 180w, https:\/\/stmatthewsanmateo.org\/wp-content\/uploads\/2017\/04\/cropped-church-with-sign-1-32x32.jpg 32w, https:\/\/stmatthewsanmateo.org\/wp-content\/uploads\/2017\/04\/cropped-church-with-sign-1.jpg 512w\" sizes=\"auto, (max-width: 250px) 100vw, 250px\" \/><\/a><\/p>\n<p>Direcci\u00f3n:<br \/>\n123 L Street NE<br \/>\nAuburn, WA 98002<\/p>\n<p>N\u00famero de tel\u00e9fono:<br \/>\n<a href=\"tel:2538330890\">(253) 833-0890<\/a><\/p>\n<p>Email Padre Antonio: <a href=\"tel:3618774642\">(787) 241-4614\u00a0<\/a><br \/>\n<a href=\"mailto:antonio.illas@yahoo.com\">Email<\/a><\/p>\n<\/div>\n\n<div class=\"wpcf7 no-js\" id=\"wpcf7-f459-o1\" lang=\"en-US\" dir=\"ltr\" data-wpcf7-id=\"459\">\n<div class=\"screen-reader-response\"><p role=\"status\" aria-live=\"polite\" aria-atomic=\"true\"><\/p> <ul><\/ul><\/div>\n<form action=\"\/es\/wp-json\/wp\/v2\/pages\/438#wpcf7-f459-o1\" method=\"post\" class=\"wpcf7-form init\" aria-label=\"Contact form\" novalidate=\"novalidate\" data-status=\"init\">\n<fieldset class=\"hidden-fields-container\"><input type=\"hidden\" name=\"_wpcf7\" value=\"459\" \/><input type=\"hidden\" name=\"_wpcf7_version\" value=\"6.1.5\" \/><input type=\"hidden\" name=\"_wpcf7_locale\" value=\"en_US\" \/><input type=\"hidden\" name=\"_wpcf7_unit_tag\" value=\"wpcf7-f459-o1\" \/><input type=\"hidden\" name=\"_wpcf7_container_post\" value=\"0\" \/><input type=\"hidden\" name=\"_wpcf7_posted_data_hash\" value=\"\" \/>\n<\/fieldset>\n<p><label> Su nombre (necesario)<br \/>\n<span class=\"wpcf7-form-control-wrap\" data-name=\"your-name\"><input size=\"40\" maxlength=\"400\" class=\"wpcf7-form-control wpcf7-text wpcf7-validates-as-required\" aria-required=\"true\" aria-invalid=\"false\" value=\"\" type=\"text\" name=\"your-name\" \/><\/span> <\/label>\n<\/p>\n<p><label> Su correo electr\u00f3nico (necesario)<br \/>\n<span class=\"wpcf7-form-control-wrap\" data-name=\"your-email\"><input size=\"40\" maxlength=\"400\" class=\"wpcf7-form-control wpcf7-email wpcf7-validates-as-required wpcf7-text wpcf7-validates-as-email\" aria-required=\"true\" aria-invalid=\"false\" value=\"\" type=\"email\" name=\"your-email\" \/><\/span> <\/label>\n<\/p>\n<p><label> Tema<br \/>\n<span class=\"wpcf7-form-control-wrap\" data-name=\"your-subject\"><input size=\"40\" maxlength=\"400\" class=\"wpcf7-form-control wpcf7-text\" aria-invalid=\"false\" value=\"\" type=\"text\" name=\"your-subject\" \/><\/span> <\/label>\n<\/p>\n<p><label> Su mensaje<br \/>\n<span class=\"wpcf7-form-control-wrap\" data-name=\"your-message\"><textarea cols=\"40\" rows=\"10\" maxlength=\"2000\" class=\"wpcf7-form-control wpcf7-textarea\" aria-invalid=\"false\" name=\"your-message\"><\/textarea><\/span> <\/label>\n<\/p>\n<p><input class=\"wpcf7-form-control wpcf7-submit has-spinner\" type=\"submit\" value=\"Envie\" \/>\n<\/p><p style=\"display: none !important;\" class=\"akismet-fields-container\" data-prefix=\"_wpcf7_ak_\"><label>&#916;<textarea name=\"_wpcf7_ak_hp_textarea\" cols=\"45\" rows=\"8\" maxlength=\"100\"><\/textarea><\/label><input type=\"hidden\" id=\"ak_js_1\" name=\"_wpcf7_ak_js\" value=\"194\"\/><script type=\"text\/javascript\">\n\/* <![CDATA[ *\/\ndocument.getElementById( \"ak_js_1\" ).setAttribute( \"value\", ( new Date() ).getTime() );\n\/* ]]> *\/\n<\/script>\n<\/p><div class=\"wpcf7-response-output\" aria-hidden=\"true\"><\/div>\n<\/form>\n<\/div>\n\n","protected":false},"excerpt":{"rendered":"<p>Direcci\u00f3n: 123 L Street NE Auburn, WA 98002 N\u00famero de tel\u00e9fono: (253) 833-0890 Email Padre Antonio: (787) 241-4614\u00a0 Email<\/p>\n","protected":false},"author":2,"featured_media":0,"parent":0,"menu_order":0,"comment_status":"open","ping_status":"closed","template":"","meta":{"footnotes":""},"class_list":["entry","page","publish","author-enisi","post-438"],"_links":{"self":[{"href":"https:\/\/stmatthewsanmateo.org\/es\/wp-json\/wp\/v2\/pages\/438","targetHints":{"allow":["GET"]}}],"collection":[{"href":"https:\/\/stmatthewsanmateo.org\/es\/wp-json\/wp\/v2\/pages"}],"about":[{"href":"https:\/\/stmatthewsanmateo.org\/es\/wp-json\/wp\/v2\/types\/page"}],"author":[{"embeddable":true,"href":"https:\/\/stmatthewsanmateo.org\/es\/wp-json\/wp\/v2\/users\/2"}],"replies":[{"embeddable":true,"href":"https:\/\/stmatthewsanmateo.org\/es\/wp-json\/wp\/v2\/comments?post=438"}],"version-history":[{"count":5,"href":"https:\/\/stmatthewsanmateo.org\/es\/wp-json\/wp\/v2\/pages\/438\/revisions"}],"predecessor-version":[{"id":532,"href":"https:\/\/stmatthewsanmateo.org\/es\/wp-json\/wp\/v2\/pages\/438\/revisions\/532"}],"wp:attachment":[{"href":"https:\/\/stmatthewsanmateo.org\/es\/wp-json\/wp\/v2\/media?parent=438"}],"curies":[{"name":"wp","href":"https:\/\/api.w.org\/{rel}","templated":true}]}}